{"id":6402,"date":"2020-10-07T12:00:28","date_gmt":"2020-10-07T12:00:28","guid":{"rendered":"http:\/\/themestate.com\/demo\/woodson\/about-us"},"modified":"2026-01-16T13:59:45","modified_gmt":"2026-01-16T13:59:45","slug":"quienes-somos","status":"publish","type":"page","link":"https:\/\/www.jesbill.com\/en\/quienes-somos\/","title":{"rendered":"ABOUT US"},"content":{"rendered":"<div data-elementor-type=\"wp-page\" data-elementor-id=\"6402\" class=\"elementor elementor-6402\">\n\t\t\t\t\t\t<section class=\"elementor-section elementor-top-section elementor-element elementor-element-38f92595 elementor-section-boxed elementor-section-height-default elementor-section-height-default\" data-id=\"38f92595\" data-element_type=\"section\">\n\t\t\t\t\t\t<div class=\"elementor-container elementor-column-gap-no\">\n\t\t\t\t\t<div class=\"elementor-column elementor-col-100 elementor-top-column elementor-element elementor-element-67a6d2da\" data-id=\"67a6d2da\" data-element_type=\"column\">\n\t\t\t<div class=\"elementor-widget-wrap elementor-element-populated\">\n\t\t\t\t\t\t<section class=\"elementor-section elementor-inner-section elementor-element elementor-element-3c2228e3 elementor-section-boxed elementor-section-height-default elementor-section-height-default\" data-id=\"3c2228e3\" data-element_type=\"section\">\n\t\t\t\t\t\t<div class=\"elementor-container elementor-column-gap-wide\">\n\t\t\t\t\t<div class=\"elementor-column elementor-col-50 elementor-inner-column elementor-element elementor-element-1b13ff6\" data-id=\"1b13ff6\" data-element_type=\"column\">\n\t\t\t<div class=\"elementor-widget-wrap elementor-element-populated\">\n\t\t\t\t\t\t<div class=\"elementor-element elementor-element-4a26d52a elementor-widget elementor-widget-heading\" data-id=\"4a26d52a\" data-element_type=\"widget\" data-widget_type=\"heading.default\">\n\t\t\t\t\t<h4 class=\"elementor-heading-title elementor-size-default\">About us<\/h4>\t\t\t\t<\/div>\n\t\t\t\t<div class=\"elementor-element elementor-element-2e985e62 elementor-widget elementor-widget-heading\" data-id=\"2e985e62\" data-element_type=\"widget\" data-widget_type=\"heading.default\">\n\t\t\t\t\t<h2 class=\"elementor-heading-title elementor-size-default\">We Depend on Forests, \nSo We Protect Them<\/h2>\t\t\t\t<\/div>\n\t\t\t\t\t<\/div>\n\t\t<\/div>\n\t\t\t\t<div class=\"elementor-column elementor-col-50 elementor-inner-column elementor-element elementor-element-7779773d elementor-hidden-tablet elementor-hidden-mobile\" data-id=\"7779773d\" data-element_type=\"column\">\n\t\t\t<div class=\"elementor-widget-wrap\">\n\t\t\t\t\t\t\t<\/div>\n\t\t<\/div>\n\t\t\t\t\t<\/div>\n\t\t<\/section>\n\t\t\t\t<section class=\"elementor-section elementor-inner-section elementor-element elementor-element-1d354d0 elementor-section-boxed elementor-section-height-default elementor-section-height-default\" data-id=\"1d354d0\" data-element_type=\"section\">\n\t\t\t\t\t\t<div class=\"elementor-container elementor-column-gap-wide\">\n\t\t\t\t\t<div class=\"elementor-column elementor-col-100 elementor-inner-column elementor-element elementor-element-7599b3e\" data-id=\"7599b3e\" data-element_type=\"column\" data-settings=\"{&quot;background_background&quot;:&quot;classic&quot;}\">\n\t\t\t<div class=\"elementor-widget-wrap elementor-element-populated\">\n\t\t\t\t\t\t<div class=\"elementor-element elementor-element-c2bdadc elementor-widget elementor-widget-text-editor\" data-id=\"c2bdadc\" data-element_type=\"widget\" data-widget_type=\"text-editor.default\">\n\t\t\t\t\t\t\t\t\t<p>We are a forestry company, dedicate to produce and export premium wood, jesbill together with allied companies manage over 144,000 hectares of natural tropical forests in the Peruvian Amazon. Strategically located in the Ucayali region of Peru\u2014the heart of South America\u2014Jesbill sac. has provided unique and exotic woods to its customers.<\/p><p>\u00a0<\/p><p>Jesbill sac. is committed to continually supplying top-quality exotic commercial hard and semi-hard wood species while guaranteeing long-term, sustainable timber harvesting. To achieve this, the team consists of highly trained professionals who constantly seek new ways to improve our services and products.<\/p><p>\u00a0<\/p><p>Our access to extensive certified exotic commercial hard and semi-hard wood species has opened doors to many markets throughout the world. We take pride in our successful, long-term business relationships across Asia, Center america, Europe, M\u00e9xico and United States.<\/p>\t\t\t\t\t\t\t\t<\/div>\n\t\t\t\t\t<\/div>\n\t\t<\/div>\n\t\t\t\t\t<\/div>\n\t\t<\/section>\n\t\t\t\t\t<\/div>\n\t\t<\/div>\n\t\t\t\t\t<\/div>\n\t\t<\/section>\n\t\t\t\t<section class=\"elementor-section elementor-top-section elementor-element elementor-element-72dc5860 elementor-section-boxed elementor-section-height-default elementor-section-height-default\" data-id=\"72dc5860\" data-element_type=\"section\">\n\t\t\t\t\t\t<div class=\"elementor-container elementor-column-gap-no\">\n\t\t\t\t\t<div class=\"elementor-column elementor-col-100 elementor-top-column elementor-element elementor-element-2ea8705c\" data-id=\"2ea8705c\" data-element_type=\"column\" data-settings=\"{&quot;background_background&quot;:&quot;classic&quot;}\">\n\t\t\t<div class=\"elementor-widget-wrap elementor-element-populated\">\n\t\t\t\t\t\t<section class=\"elementor-section elementor-inner-section elementor-element elementor-element-12e2be84 elementor-section-boxed elementor-section-height-default elementor-section-height-default\" data-id=\"12e2be84\" data-element_type=\"section\">\n\t\t\t\t\t\t<div class=\"elementor-container elementor-column-gap-wide\">\n\t\t\t\t\t<div class=\"elementor-column elementor-col-25 elementor-inner-column elementor-element elementor-element-2e7b436e\" data-id=\"2e7b436e\" data-element_type=\"column\" data-settings=\"{&quot;background_background&quot;:&quot;classic&quot;}\">\n\t\t\t<div class=\"elementor-widget-wrap elementor-element-populated\">\n\t\t\t\t\t\t<div class=\"elementor-element elementor-element-f143813 elementor-hidden-desktop elementor-hidden-tablet elementor-widget elementor-widget-spacer\" data-id=\"f143813\" data-element_type=\"widget\" data-widget_type=\"spacer.default\">\n\t\t\t\t\t\t\t<div class=\"elementor-spacer\">\n\t\t\t<div class=\"elementor-spacer-inner\"><\/div>\n\t\t<\/div>\n\t\t\t\t\t\t<\/div>\n\t\t\t\t\t<\/div>\n\t\t<\/div>\n\t\t\t\t<div class=\"elementor-column elementor-col-25 elementor-inner-column elementor-element elementor-element-4a9fd2aa elementor-hidden-mobile elementor-hidden-tablet\" data-id=\"4a9fd2aa\" data-element_type=\"column\">\n\t\t\t<div class=\"elementor-widget-wrap\">\n\t\t\t\t\t\t\t<\/div>\n\t\t<\/div>\n\t\t\t\t<div class=\"elementor-column elementor-col-25 elementor-inner-column elementor-element elementor-element-dfe8f5e\" data-id=\"dfe8f5e\" data-element_type=\"column\">\n\t\t\t<div class=\"elementor-widget-wrap elementor-element-populated\">\n\t\t\t\t\t\t<div class=\"elementor-element elementor-element-1c675994 elementor-widget elementor-widget-heading\" data-id=\"1c675994\" data-element_type=\"widget\" data-widget_type=\"heading.default\">\n\t\t\t\t\t<h2 class=\"elementor-heading-title elementor-size-default\">JESBILL,\nYOUR TRUSTED SOURCE\nOF SOUTH AMERICAN LUMBER\n<\/h2>\t\t\t\t<\/div>\n\t\t\t\t<div class=\"elementor-element elementor-element-27f92c3e elementor-widget-divider--view-line elementor-widget elementor-widget-divider\" data-id=\"27f92c3e\" data-element_type=\"widget\" data-widget_type=\"divider.default\">\n\t\t\t\t\t\t\t<div class=\"elementor-divider\">\n\t\t\t<span class=\"elementor-divider-separator\">\n\t\t\t\t\t\t<\/span>\n\t\t<\/div>\n\t\t\t\t\t\t<\/div>\n\t\t\t\t\t<\/div>\n\t\t<\/div>\n\t\t\t\t<div class=\"elementor-column elementor-col-25 elementor-inner-column elementor-element elementor-element-17bbf72c elementor-hidden-mobile elementor-hidden-tablet\" data-id=\"17bbf72c\" data-element_type=\"column\">\n\t\t\t<div class=\"elementor-widget-wrap\">\n\t\t\t\t\t\t\t<\/div>\n\t\t<\/div>\n\t\t\t\t\t<\/div>\n\t\t<\/section>\n\t\t\t\t\t<\/div>\n\t\t<\/div>\n\t\t\t\t\t<\/div>\n\t\t<\/section>\n\t\t\t\t<\/div>","protected":false},"excerpt":{"rendered":"<div class=\"tmnf_excerpt\"><p>\u00bfQuienes Somos? Dependemos de los bosques, por eso los protegemos Somos una empresa forestal dedicada al procesamiento y exportaci\u00f3n de madera , que junto a empresas aliadas gestiona con un enfoque integral y ecosist\u00e9mico m\u00e1s<\/p>\n<\/div>","protected":false},"author":1,"featured_media":0,"parent":0,"menu_order":0,"comment_status":"closed","ping_status":"closed","template":"homepage-hero-cover_alt.php","meta":{"_monsterinsights_skip_tracking":false,"_monsterinsights_sitenote_active":false,"_monsterinsights_sitenote_note":"","_monsterinsights_sitenote_category":0,"footnotes":""},"class_list":["post-6402","page","type-page","status-publish","hentry"],"aioseo_notices":[],"_links":{"self":[{"href":"https:\/\/www.jesbill.com\/en\/wp-json\/wp\/v2\/pages\/6402","targetHints":{"allow":["GET"]}}],"collection":[{"href":"https:\/\/www.jesbill.com\/en\/wp-json\/wp\/v2\/pages"}],"about":[{"href":"https:\/\/www.jesbill.com\/en\/wp-json\/wp\/v2\/types\/page"}],"author":[{"embeddable":true,"href":"https:\/\/www.jesbill.com\/en\/wp-json\/wp\/v2\/users\/1"}],"replies":[{"embeddable":true,"href":"https:\/\/www.jesbill.com\/en\/wp-json\/wp\/v2\/comments?post=6402"}],"version-history":[{"count":47,"href":"https:\/\/www.jesbill.com\/en\/wp-json\/wp\/v2\/pages\/6402\/revisions"}],"predecessor-version":[{"id":10808,"href":"https:\/\/www.jesbill.com\/en\/wp-json\/wp\/v2\/pages\/6402\/revisions\/10808"}],"wp:attachment":[{"href":"https:\/\/www.jesbill.com\/en\/wp-json\/wp\/v2\/media?parent=6402"}],"curies":[{"name":"wp","href":"https:\/\/api.w.org\/{rel}","templated":true}]}}